{"id":86,"date":"2012-08-10T14:38:31","date_gmt":"2012-08-10T14:38:31","guid":{"rendered":"http:\/\/demo.herothemes.com\/knowhow\/?page_id=86"},"modified":"2023-07-13T12:01:32","modified_gmt":"2023-07-13T12:01:32","slug":"o-nas","status":"publish","type":"page","link":"https:\/\/www.erodate.pl\/opowiadania-erotyczne\/o-nas\/","title":{"rendered":"O nas"},"content":{"rendered":"\n<p>Erotyczne opowiadania przyprawiaj\u0105 nas o mrowienie w podbrzuszu, sprawiaj\u0105 \u017ce czujemy podniecenie i przyjemno\u015b\u0107. Czytaj\u0105c sex opowiadania spe\u0142niamy fantazje, kt\u00f3rych nie odwa\u017cyliby\u015bmy si\u0119 zrealizowa\u0107 w prawdziwym \u017cyciu lub szukamy inspiracji.<\/p>\n\n\n\n<p>Historie erotyczne inspiruj\u0105 nas do poznania ciekawych pozycji seksualnych,&nbsp; odkrywania nowych sposob\u00f3w masturbacji. Podczas czytania erotycznego opowiadania cz\u0119sto si\u0119gamy po gad\u017cety erotyczne lub domowe przedmioty do masturbacji. Dzi\u0119ki takiemu po\u0142\u0105czeniu poznajemy swoje cia\u0142o.<\/p>\n\n\n\n<p>Ka\u017cdy znajdzie <strong>opowiadanie erotyczne<\/strong> dla siebie. Dlatego my publikujemy tylko najlepsze darmowe opowiadania erotyczne i <strong>darmowe opowiadania<\/strong> porno. Staraj\u0105c si\u0119 jednocze\u015bnie dodawa\u0107 nowe opowiadaniaerotyczne.<\/p>\n\n\n\n<h1 class=\"wp-block-heading\">Opowiadania erotyczne<\/h1>\n\n\n\n<p>Erotyczne opowiadania przyprawiaj\u0105 nas o mrowienie w podbrzuszu, sprawiaj\u0105 \u017ce czujemy podniecenie i przyjemno\u015b\u0107. Czytaj\u0105c sex opowiadania spe\u0142niamy fantazje, kt\u00f3rych nie odwa\u017cyliby\u015bmy si\u0119 zrealizowa\u0107 w prawdziwym \u017cyciu lub szukamy inspiracji.<\/p>\n\n\n\n<p>Historie erotyczne inspiruj\u0105 nas do poznania ciekawych pozycji seksualnych,&nbsp; odkrywania nowych sposob\u00f3w masturbacji. Podczas czytania erotycznego opowiadania cz\u0119sto si\u0119gamy po gad\u017cety erotyczne lub domowe przedmioty do masturbacji. Dzi\u0119ki takiemu po\u0142\u0105czeniu poznajemy swoje cia\u0142o.<\/p>\n\n\n\n<p>Ka\u017cdy znajdzie <strong>opowiadanie erotyczne<\/strong> dla siebie. Dlatego my publikujemy tylko najlepsze darmowe opowiadania erotyczne i <strong>darmowe opowiadania<\/strong> porno. Staraj\u0105c si\u0119 jednocze\u015bnie dodawa\u0107 nowe opowiadaniaerotyczne.<\/p>\n\n\n\n<h2 class=\"wp-block-heading\">Sex opowiadania erotyczne &#8211; dlaczego podniecaj\u0105 nas te historie?<\/h2>\n\n\n\n<p>Ka\u017cdy z nas ma swoje ulubione kategorie opowiada\u0144 erotycznych. Niewa\u017cne jest to, czy jeste\u015b osob\u0105, kt\u00f3r\u0105 podniecaj\u0105 <strong>seks opowiadania<\/strong> na temat BDSM, czy tej wolisz przegl\u0105da\u0107 najnowsze opowiadania w kategorii <em>Romantyczne<\/em> &#8211; na naszej stronie znajdziesz idealne dla siebie<strong> opowiadania erotyczne<\/strong>, kt\u00f3rych czytanie sprawi, \u017ce mocno si\u0119 podniecisz. <\/p>\n\n\n\n<h2 class=\"wp-block-heading\">Najnowsze opowiadania erotyczne &#8211; jak cz\u0119sto pojawiaj\u0105 si\u0119 nowe historie?<\/h2>\n\n\n\n<p>Ka\u017cdego dnia wrzucamy coraz to nowe opowiadania erotyczne &#8211; wiele sex historii zdarzy\u0142o si\u0119 naprawd\u0119, a cz\u0119\u015b\u0107 z nich u\u017cytkownicy portalu randkowego dla doros\u0142ych prze\u017cy\u0142o na w\u0142asnej sk\u00f3rze. Przegl\u0105daj <strong>historie seksu<\/strong> i r\u00f3\u017cnych fetyszy &#8211; masz sporo <strong>opowiada\u0144<\/strong> do wyboru!<\/p>\n\n\n\n<p>Ka\u017cdy znajdzie <strong>opowiadanie erotyczne<\/strong> dla siebie. Dlatego my publikujemy tylko najlepsze darmowe opowiadania erotyczne i <strong>darmowe opowiadania<\/strong> porno. Staraj\u0105c si\u0119 jednocze\u015bnie dodawa\u0107 nowe opowiadaniaerotyczne.<\/p>\n\n\n\n<p>Chcesz si\u0119 dowiedzie\u0107 czym jest nak\u0142adka na penisa? A mo\u017ce chcesz si\u0119 doszkoli\u0107 w kwestiach pozycji seksualnych? Sprawd\u017a nasz <strong><a href=\"https:\/\/www.erodate.pl\/blog\/\">blog erotyczny<\/a><\/strong> i zosta\u0144 ekspertem w dziedzinie seksu!<\/p>\n","protected":false},"excerpt":{"rendered":"<p>Erotyczne opowiadania przyprawiaj\u0105 nas o mrowienie w podbrzuszu, sprawiaj\u0105 \u017ce czujemy podniecenie i przyjemno\u015b\u0107. Czytaj\u0105c sex opowiadania spe\u0142niamy fantazje, kt\u00f3rych nie odwa\u017cyliby\u015bmy si\u0119 zrealizowa\u0107 w prawdziwym \u017cyciu lub szukamy inspiracji. Historie erotyczne inspiruj\u0105 nas do poznania ciekawych pozycji seksualnych,&nbsp; odkrywania nowych sposob\u00f3w masturbacji. Podczas czytania erotycznego opowiadania cz\u0119sto si\u0119gamy po gad\u017cety erotyczne lub domowe przedmioty<\/p>\n","protected":false},"author":1,"featured_media":0,"parent":0,"menu_order":0,"comment_status":"closed","ping_status":"closed","template":"","meta":{"episode_type":"","audio_file":"","cover_image":"","cover_image_id":"","duration":"","filesize":"","date_recorded":"","explicit":"","block":"","filesize_raw":"","footnotes":""},"class_list":["post-86","page","type-page","status-publish","hentry"],"_links":{"self":[{"href":"https:\/\/www.erodate.pl\/opowiadania-erotyczne\/wp-json\/wp\/v2\/pages\/86","targetHints":{"allow":["GET"]}}],"collection":[{"href":"https:\/\/www.erodate.pl\/opowiadania-erotyczne\/wp-json\/wp\/v2\/pages"}],"about":[{"href":"https:\/\/www.erodate.pl\/opowiadania-erotyczne\/wp-json\/wp\/v2\/types\/page"}],"author":[{"embeddable":true,"href":"https:\/\/www.erodate.pl\/opowiadania-erotyczne\/wp-json\/wp\/v2\/users\/1"}],"replies":[{"embeddable":true,"href":"https:\/\/www.erodate.pl\/opowiadania-erotyczne\/wp-json\/wp\/v2\/comments?post=86"}],"version-history":[{"count":8,"href":"https:\/\/www.erodate.pl\/opowiadania-erotyczne\/wp-json\/wp\/v2\/pages\/86\/revisions"}],"predecessor-version":[{"id":11650,"href":"https:\/\/www.erodate.pl\/opowiadania-erotyczne\/wp-json\/wp\/v2\/pages\/86\/revisions\/11650"}],"wp:attachment":[{"href":"https:\/\/www.erodate.pl\/opowiadania-erotyczne\/wp-json\/wp\/v2\/media?parent=86"}],"curies":[{"name":"wp","href":"https:\/\/api.w.org\/{rel}","templated":true}]}}